{"id":1106,"date":"2015-11-20T11:15:59","date_gmt":"2015-11-20T09:15:59","guid":{"rendered":"http:\/\/www.mcasadellapol.cat\/?page_id=1106"},"modified":"2025-09-12T13:18:22","modified_gmt":"2025-09-12T12:18:22","slug":"assegurances-destalvi","status":"publish","type":"page","link":"https:\/\/www.mcasadellapol.cat\/?page_id=1106","title":{"rendered":"Assegurances d&#8217;estalvi"},"content":{"rendered":"<p data-start=\"483\" data-end=\"764\">Les assegurances d\u2019estalvi s\u00f3n productes asseguradors pensats per ajudar-te a <strong data-start=\"561\" data-end=\"621\">fer cr\u00e9ixer els teus diners amb seguretat i planificaci\u00f3<\/strong>. La gran difer\u00e8ncia, segons la normativa europea actual, \u00e9s si es tracta d\u2019un producte amb risc d\u2019inversi\u00f3 (<strong data-start=\"730\" data-end=\"738\">IBIP<\/strong>) o sense (<strong data-start=\"749\" data-end=\"760\">no IBIP<\/strong>).<\/p>\n<h3 data-start=\"766\" data-end=\"789\">Qu\u00e8 vol dir aix\u00f2?<\/h3>\n<ul data-start=\"790\" data-end=\"1563\">\n<li data-start=\"790\" data-end=\"1193\">\n<p data-start=\"792\" data-end=\"1193\"><strong data-start=\"792\" data-end=\"826\">Assegurances d\u2019estalvi no IBIP<\/strong>:<br data-start=\"827\" data-end=\"830\" \/>S\u00f3n productes amb capital i rendibilitat garantida. Funcionen de manera similar a un dip\u00f2sit a termini: al venciment, saps quin capital m\u00ednim rebr\u00e0s. En cas de defunci\u00f3 de l\u2019assegurat, els beneficiaris cobren el capital acumulat m\u00e9s una indemnitzaci\u00f3 addicional.<br data-start=\"1094\" data-end=\"1097\" \/><strong data-start=\"1099\" data-end=\"1111\">Exemples<\/strong>: assegurances d\u2019estalvi a prima \u00fanica, SIALP (Plans d\u2019Estalvi a Llarg Termini).<\/p>\n<\/li>\n<li data-start=\"1195\" data-end=\"1563\">\n<p data-start=\"1197\" data-end=\"1563\"><strong data-start=\"1197\" data-end=\"1228\">Assegurances d\u2019estalvi IBIP<\/strong>:<br data-start=\"1229\" data-end=\"1232\" \/>Inclouen productes en qu\u00e8 el capital invertit est\u00e0 subjecte a risc de mercat (per exemple, fons d\u2019inversi\u00f3). La rendibilitat no est\u00e0 garantida, sin\u00f3 que dep\u00e8n de l\u2019evoluci\u00f3 dels actius en qu\u00e8 s\u2019inverteix. Poden oferir guanys superiors, per\u00f2 tamb\u00e9 existeix risc de p\u00e8rdues.<br data-start=\"1506\" data-end=\"1509\" \/><strong data-start=\"1511\" data-end=\"1523\">Exemples<\/strong>: Unit Linked, PIAS invertits en fons.<\/p>\n<\/li>\n<\/ul>\n<h3 data-start=\"1565\" data-end=\"1589\">Qu\u00e8 tenen en com\u00fa?<\/h3>\n<ul data-start=\"1590\" data-end=\"1911\">\n<li data-start=\"1590\" data-end=\"1659\">\n<p data-start=\"1592\" data-end=\"1659\">Permeten estalviar de manera peri\u00f2dica o amb una aportaci\u00f3 \u00fanica.<\/p>\n<\/li>\n<li data-start=\"1660\" data-end=\"1775\">\n<p data-start=\"1662\" data-end=\"1775\">Ofereixen avantatges fiscals en determinats casos (per exemple, PIAS o SIALP si es mantenen el temps requerit).<\/p>\n<\/li>\n<li data-start=\"1776\" data-end=\"1911\">\n<p data-start=\"1778\" data-end=\"1911\">Aporten protecci\u00f3 addicional: en cas de defunci\u00f3 de l\u2019assegurat, els beneficiaris cobren el capital acumulat m\u00e9s una indemnitzaci\u00f3.<\/p>\n<\/li>\n<\/ul>\n<h3 data-start=\"1913\" data-end=\"1959\">Per qu\u00e8 triar una asseguran\u00e7a d\u2019estalvi?<\/h3>\n<ul data-start=\"1960\" data-end=\"2444\">\n<li data-start=\"1960\" data-end=\"2092\">\n<p data-start=\"1962\" data-end=\"2092\"><strong data-start=\"1962\" data-end=\"1990\">Planificaci\u00f3 d\u2019objectius<\/strong>: estudis dels fills, compra d\u2019un habitatge, un viatge, o simplement tenir un coix\u00ed per imprevistos.<\/p>\n<\/li>\n<li data-start=\"2093\" data-end=\"2210\">\n<p data-start=\"2095\" data-end=\"2210\"><strong data-start=\"2095\" data-end=\"2113\">Tranquil\u00b7litat<\/strong>: si tries un producte no IBIP, saps des del primer dia el capital m\u00ednim garantit al venciment.<\/p>\n<\/li>\n<li data-start=\"2211\" data-end=\"2349\">\n<p data-start=\"2213\" data-end=\"2349\"><strong data-start=\"2213\" data-end=\"2242\">Potencial de rendibilitat<\/strong>: si tries un IBIP, pots accedir a una inversi\u00f3 m\u00e9s flexible i amb opcions de creixement a llarg termini.<\/p>\n<\/li>\n<li data-start=\"2350\" data-end=\"2444\">\n<p data-start=\"2352\" data-end=\"2444\"><strong data-start=\"2352\" data-end=\"2376\">Fiscalitat favorable<\/strong>: segons el producte, pots obtenir beneficis fiscals interessants.<\/p>\n<\/li>\n<\/ul>\n<hr data-start=\"2446\" data-end=\"2449\" \/>\n<p data-start=\"2451\" data-end=\"2787\">\ud83d\udc49 En resum: les assegurances d\u2019estalvi s\u00f3n una eina vers\u00e0til i adaptada a cada perfil. Pots optar per la <strong data-start=\"2557\" data-end=\"2606\">seguretat d\u2019un producte garantitzat (no IBIP)<\/strong> o per la <strong data-start=\"2616\" data-end=\"2674\">rendibilitat potencial d\u2019un producte d\u2019inversi\u00f3 (IBIP)<\/strong>. Amb l\u2019assessorament adequat, trobar\u00e0s l\u2019opci\u00f3 que millor s\u2019adapti als teus objectius i al teu perfil de risc.<\/p>\n","protected":false},"excerpt":{"rendered":"<p>Les assegurances d\u2019estalvi s\u00f3n productes asseguradors pensats per ajudar-te a fer cr\u00e9ixer els teus diners amb seguretat i planificaci\u00f3. La gran difer?<\/p>\n","protected":false},"author":1,"featured_media":0,"parent":44,"menu_order":0,"comment_status":"closed","ping_status":"closed","template":"fullwidth.php","meta":{"om_disable_all_campaigns":false,"_monsterinsights_skip_tracking":false,"_monsterinsights_sitenote_active":false,"_monsterinsights_sitenote_note":"","_monsterinsights_sitenote_category":0,"_uf_show_specific_survey":0,"_uf_disable_surveys":false,"footnotes":""},"class_list":["post-1106","page","type-page","status-publish","hentry"],"aioseo_notices":[],"_links":{"self":[{"href":"https:\/\/www.mcasadellapol.cat\/index.php?rest_route=\/wp\/v2\/pages\/1106","targetHints":{"allow":["GET"]}}],"collection":[{"href":"https:\/\/www.mcasadellapol.cat\/index.php?rest_route=\/wp\/v2\/pages"}],"about":[{"href":"https:\/\/www.mcasadellapol.cat\/index.php?rest_route=\/wp\/v2\/types\/page"}],"author":[{"embeddable":true,"href":"https:\/\/www.mcasadellapol.cat\/index.php?rest_route=\/wp\/v2\/users\/1"}],"replies":[{"embeddable":true,"href":"https:\/\/www.mcasadellapol.cat\/index.php?rest_route=%2Fwp%2Fv2%2Fcomments&post=1106"}],"version-history":[{"count":4,"href":"https:\/\/www.mcasadellapol.cat\/index.php?rest_route=\/wp\/v2\/pages\/1106\/revisions"}],"predecessor-version":[{"id":3277,"href":"https:\/\/www.mcasadellapol.cat\/index.php?rest_route=\/wp\/v2\/pages\/1106\/revisions\/3277"}],"up":[{"embeddable":true,"href":"https:\/\/www.mcasadellapol.cat\/index.php?rest_route=\/wp\/v2\/pages\/44"}],"wp:attachment":[{"href":"https:\/\/www.mcasadellapol.cat\/index.php?rest_route=%2Fwp%2Fv2%2Fmedia&parent=1106"}],"curies":[{"name":"wp","href":"https:\/\/api.w.org\/{rel}","templated":true}]}}