{"id":2065,"date":"2018-05-08T19:57:48","date_gmt":"2018-05-08T17:57:48","guid":{"rendered":"http:\/\/www.mcasadellapol.cat\/?page_id=2065"},"modified":"2025-08-21T12:08:36","modified_gmt":"2025-08-21T11:08:36","slug":"politica-de-cookies-2","status":"publish","type":"page","link":"https:\/\/www.mcasadellapol.cat\/?page_id=2065","title":{"rendered":"Pol\u00edtica de cookies"},"content":{"rendered":"<p data-start=\"248\" data-end=\"432\">Aquest lloc web utilitza cookies pr\u00f2pies i de tercers per garantir el correcte funcionament i seguretat de la p\u00e0gina, aix\u00ed com, amb el teu consentiment, per a finalitats anal\u00edtiques.<\/p>\n<p data-start=\"434\" data-end=\"657\">En accedir al web, pots <strong data-start=\"458\" data-end=\"538\">acceptar totes les cookies, rebutjar-les o configurar les teves prefer\u00e8ncies<\/strong> en qualsevol moment mitjan\u00e7ant el panell de configuraci\u00f3 de cookies disponible al banner inicial i al peu de p\u00e0gina.<\/p>\n<hr data-start=\"659\" data-end=\"662\" \/>\n<h2 data-start=\"664\" data-end=\"687\">Qu\u00e8 s\u00f3n les cookies?<\/h2>\n<p data-start=\"688\" data-end=\"986\">Les cookies s\u00f3n petits fitxers que es descarreguen al teu dispositiu quan accedeixes a determinats llocs web. Permeten, entre d\u2019altres coses, emmagatzemar i recuperar informaci\u00f3 sobre els h\u00e0bits de navegaci\u00f3 i, depenent de la informaci\u00f3 que continguin, poden utilitzar-se per recon\u00e8ixer l\u2019usuari.<\/p>\n<hr data-start=\"988\" data-end=\"991\" \/>\n<h2 data-start=\"993\" data-end=\"1024\">Tipus de cookies utilitzades<\/h2>\n<ul data-start=\"1025\" data-end=\"1465\">\n<li data-start=\"1025\" data-end=\"1132\">\n<p data-start=\"1027\" data-end=\"1132\"><strong data-start=\"1027\" data-end=\"1043\">Necess\u00e0ries:<\/strong> imprescindibles per al funcionament del web i actives sempre (ex: mantenir la sessi\u00f3).<\/p>\n<\/li>\n<li data-start=\"1133\" data-end=\"1217\">\n<p data-start=\"1135\" data-end=\"1217\"><strong data-start=\"1135\" data-end=\"1152\">Prefer\u00e8ncies:<\/strong> permeten recordar configuracions personalitzades (ex: idioma).<\/p>\n<\/li>\n<li data-start=\"1218\" data-end=\"1357\">\n<p data-start=\"1220\" data-end=\"1357\"><strong data-start=\"1220\" data-end=\"1236\">Anal\u00edtiques:<\/strong> ens ajuden a comprendre com interactuen els usuaris amb el web i permeten millorar els serveis (ex: Google Analytics).<\/p>\n<\/li>\n<li data-start=\"1358\" data-end=\"1465\">\n<p data-start=\"1360\" data-end=\"1465\"><strong data-start=\"1360\" data-end=\"1378\">Publicit\u00e0ries:<\/strong> permeten oferir publicitat personalitzada (no utilitzades actualment en aquest web).<\/p>\n<\/li>\n<\/ul>\n<hr data-start=\"1467\" data-end=\"1470\" \/>\n<h2 data-start=\"1472\" data-end=\"1513\">Cookies utilitzades en aquest lloc web<\/h2>\n<div class=\"_tableContainer_1rjym_1\">\n<div class=\"_tableWrapper_1rjym_13 group flex w-fit flex-col-reverse\" tabindex=\"-1\">\n<table class=\"w-fit min-w-(--thread-content-width)\" data-start=\"1515\" data-end=\"2412\">\n<thead data-start=\"1515\" data-end=\"1594\">\n<tr data-start=\"1515\" data-end=\"1594\">\n<th data-start=\"1515\" data-end=\"1538\" data-col-size=\"sm\"><strong data-start=\"1517\" data-end=\"1537\">Nom de la cookie<\/strong><\/th>\n<th data-start=\"1538\" data-end=\"1552\" data-col-size=\"sm\"><strong data-start=\"1540\" data-end=\"1551\">Titular<\/strong><\/th>\n<th data-start=\"1552\" data-end=\"1564\" data-col-size=\"sm\"><strong data-start=\"1554\" data-end=\"1563\">Tipus<\/strong><\/th>\n<th data-start=\"1564\" data-end=\"1580\" data-col-size=\"md\"><strong data-start=\"1566\" data-end=\"1579\">Finalitat<\/strong><\/th>\n<th data-start=\"1580\" data-end=\"1594\" data-col-size=\"sm\"><strong data-start=\"1582\" data-end=\"1592\">Durada<\/strong><\/th>\n<\/tr>\n<\/thead>\n<tbody data-start=\"1677\" data-end=\"2412\">\n<tr data-start=\"1677\" data-end=\"1817\">\n<td data-start=\"1677\" data-end=\"1699\" data-col-size=\"sm\"><code data-start=\"1679\" data-end=\"1698\">cookieyes-consent<\/code><\/td>\n<td data-start=\"1699\" data-end=\"1720\" data-col-size=\"sm\">CookieYes (plugin)<\/td>\n<td data-start=\"1720\" data-end=\"1733\" data-col-size=\"sm\">Necess\u00e0ria<\/td>\n<td data-start=\"1733\" data-end=\"1808\" data-col-size=\"md\">Desa les prefer\u00e8ncies de consentiment de l\u2019usuari sobre l\u2019\u00fas de cookies.<\/td>\n<td data-start=\"1808\" data-end=\"1817\" data-col-size=\"sm\">1 any<\/td>\n<\/tr>\n<tr data-start=\"1818\" data-end=\"1926\">\n<td data-start=\"1818\" data-end=\"1832\" data-col-size=\"sm\"><code data-start=\"1820\" data-end=\"1831\">PHPSESSID<\/code><\/td>\n<td data-start=\"1832\" data-end=\"1852\" data-col-size=\"sm\">Pr\u00f2pia (servidor)<\/td>\n<td data-start=\"1852\" data-end=\"1865\" data-col-size=\"sm\">Necess\u00e0ria<\/td>\n<td data-start=\"1865\" data-end=\"1916\" data-col-size=\"md\">Mant\u00e9 la sessi\u00f3 de l\u2019usuari durant la navegaci\u00f3.<\/td>\n<td data-start=\"1916\" data-end=\"1926\" data-col-size=\"sm\">Sessi\u00f3<\/td>\n<\/tr>\n<tr data-start=\"1927\" data-end=\"2060\">\n<td data-start=\"1927\" data-end=\"1966\" data-col-size=\"sm\"><code data-start=\"1929\" data-end=\"1943\">wp-settings-<\/code> \/ <code data-start=\"1946\" data-end=\"1965\">wp-settings-time-<\/code><\/td>\n<td data-start=\"1966\" data-end=\"1978\" data-col-size=\"sm\">WordPress<\/td>\n<td data-start=\"1978\" data-end=\"1991\" data-col-size=\"sm\">Necess\u00e0ria<\/td>\n<td data-start=\"1991\" data-end=\"2051\" data-col-size=\"md\">Desa prefer\u00e8ncies i configuraci\u00f3 de l\u2019usuari a WordPress.<\/td>\n<td data-start=\"2051\" data-end=\"2060\" data-col-size=\"sm\">1 any<\/td>\n<\/tr>\n<tr data-start=\"2061\" data-end=\"2174\">\n<td data-start=\"2061\" data-end=\"2069\" data-col-size=\"sm\"><code data-start=\"2063\" data-end=\"2068\">_ga<\/code><\/td>\n<td data-start=\"2069\" data-end=\"2088\" data-col-size=\"sm\">Google Analytics<\/td>\n<td data-start=\"2088\" data-end=\"2100\" data-col-size=\"sm\">Anal\u00edtica<\/td>\n<td data-start=\"2100\" data-end=\"2164\" data-col-size=\"md\">Distingeix usuaris \u00fanics i recull estad\u00edstiques d\u2019\u00fas del web.<\/td>\n<td data-start=\"2164\" data-end=\"2174\" data-col-size=\"sm\">2 anys<\/td>\n<\/tr>\n<tr data-start=\"2175\" data-end=\"2286\">\n<td data-start=\"2175\" data-end=\"2184\" data-col-size=\"sm\"><code data-start=\"2177\" data-end=\"2183\">_gid<\/code><\/td>\n<td data-start=\"2184\" data-end=\"2203\" data-col-size=\"sm\">Google Analytics<\/td>\n<td data-start=\"2203\" data-end=\"2215\" data-col-size=\"sm\">Anal\u00edtica<\/td>\n<td data-start=\"2215\" data-end=\"2274\" data-col-size=\"md\">Diferencia usuaris per generar estad\u00edstiques de visites.<\/td>\n<td data-start=\"2274\" data-end=\"2286\" data-col-size=\"sm\">24 hores<\/td>\n<\/tr>\n<tr data-start=\"2287\" data-end=\"2412\">\n<td data-start=\"2287\" data-end=\"2296\" data-col-size=\"sm\"><code data-start=\"2289\" data-end=\"2295\">_gat<\/code><\/td>\n<td data-start=\"2296\" data-end=\"2315\" data-col-size=\"sm\">Google Analytics<\/td>\n<td data-start=\"2315\" data-end=\"2327\" data-col-size=\"sm\">Anal\u00edtica<\/td>\n<td data-start=\"2327\" data-end=\"2401\" data-col-size=\"md\">Limita el nombre de sol\u00b7licituds registrades per millorar el rendiment.<\/td>\n<td data-start=\"2401\" data-end=\"2412\" data-col-size=\"sm\">1 minut<\/td>\n<\/tr>\n<\/tbody>\n<\/table>\n<\/div>\n<\/div>\n<hr data-start=\"2414\" data-end=\"2417\" \/>\n<h2 data-start=\"2419\" data-end=\"2453\">Com pots gestionar les cookies?<\/h2>\n<p data-start=\"2454\" data-end=\"2629\">En qualsevol moment pots acceptar o rebutjar les cookies no necess\u00e0ries a trav\u00e9s del <strong data-start=\"2539\" data-end=\"2565\">banner de consentiment<\/strong> o del <strong data-start=\"2572\" data-end=\"2598\">panell de configuraci\u00f3<\/strong> disponible al peu de p\u00e0gina.<\/p>\n<p data-start=\"2631\" data-end=\"2786\">Tamb\u00e9 pots desactivar-les des de la configuraci\u00f3 del teu navegador (Chrome, Firefox, Edge, Safari\u2026), encara que aix\u00f2 pot afectar el funcionament del web.<\/p>\n<hr data-start=\"2788\" data-end=\"2791\" \/>\n<h2 data-start=\"2793\" data-end=\"2825\">Transfer\u00e8ncies internacionals<\/h2>\n<p data-start=\"2826\" data-end=\"3058\">En general, no es realitzen transfer\u00e8ncies internacionals de dades. No obstant, les cookies de tercers (com Google Analytics) poden implicar transfer\u00e8ncies de dades fora de l\u2019Espai Econ\u00f2mic Europeu (per exemple, als Estats Units).<\/p>\n<hr data-start=\"3060\" data-end=\"3063\" \/>\n<h2 data-start=\"3065\" data-end=\"3081\">Actualitzaci\u00f3<\/h2>\n<p data-start=\"3082\" data-end=\"3249\">Aquesta pol\u00edtica de cookies pot ser actualitzada peri\u00f2dicament per adaptar-se a canvis normatius o t\u00e8cnics. L\u2019\u00faltima revisi\u00f3 \u00e9s de <b>21\/08\/2025<\/b><\/p>\n","protected":false},"excerpt":{"rendered":"<p>Aquest lloc web utilitza cookies pr\u00f2pies i de tercers per garantir el correcte funcionament i seguretat de la p\u00e0gina, aix\u00ed com, amb el teu consentiment,<\/p>\n","protected":false},"author":1,"featured_media":0,"parent":0,"menu_order":0,"comment_status":"closed","ping_status":"closed","template":"","meta":{"om_disable_all_campaigns":false,"_monsterinsights_skip_tracking":false,"_monsterinsights_sitenote_active":false,"_monsterinsights_sitenote_note":"","_monsterinsights_sitenote_category":0,"_uf_show_specific_survey":0,"_uf_disable_surveys":false,"footnotes":""},"class_list":["post-2065","page","type-page","status-publish","hentry"],"aioseo_notices":[],"_links":{"self":[{"href":"https:\/\/www.mcasadellapol.cat\/index.php?rest_route=\/wp\/v2\/pages\/2065","targetHints":{"allow":["GET"]}}],"collection":[{"href":"https:\/\/www.mcasadellapol.cat\/index.php?rest_route=\/wp\/v2\/pages"}],"about":[{"href":"https:\/\/www.mcasadellapol.cat\/index.php?rest_route=\/wp\/v2\/types\/page"}],"author":[{"embeddable":true,"href":"https:\/\/www.mcasadellapol.cat\/index.php?rest_route=\/wp\/v2\/users\/1"}],"replies":[{"embeddable":true,"href":"https:\/\/www.mcasadellapol.cat\/index.php?rest_route=%2Fwp%2Fv2%2Fcomments&post=2065"}],"version-history":[{"count":10,"href":"https:\/\/www.mcasadellapol.cat\/index.php?rest_route=\/wp\/v2\/pages\/2065\/revisions"}],"predecessor-version":[{"id":3219,"href":"https:\/\/www.mcasadellapol.cat\/index.php?rest_route=\/wp\/v2\/pages\/2065\/revisions\/3219"}],"wp:attachment":[{"href":"https:\/\/www.mcasadellapol.cat\/index.php?rest_route=%2Fwp%2Fv2%2Fmedia&parent=2065"}],"curies":[{"name":"wp","href":"https:\/\/api.w.org\/{rel}","templated":true}]}}