{"id":2357,"date":"2019-06-20T11:27:30","date_gmt":"2019-06-20T10:27:30","guid":{"rendered":"https:\/\/www.mcasadellapol.cat\/?page_id=2357"},"modified":"2025-09-12T12:43:07","modified_gmt":"2025-09-12T11:43:07","slug":"assistencia-en-viatge","status":"publish","type":"page","link":"https:\/\/www.mcasadellapol.cat\/?page_id=2357","title":{"rendered":"Assist\u00e8ncia en viatge"},"content":{"rendered":"\n<p>Quan preparem un viatge, ens fixem en tot: els bitllets d\u2019avi\u00f3, l\u2019allotjament, el transport i fins i tot les activitats. Per\u00f2 hi ha imprevistos que no depenen de nosaltres:<\/p>\n\n\n\n<ul class=\"wp-block-list\">\n<li>I si hem d\u2019anul\u00b7lar el viatge a \u00faltima hora?<\/li>\n\n\n\n<li>I si a la destinaci\u00f3 ens posem malalts o tenim un accident?<\/li>\n\n\n\n<li>O si l\u2019aerol\u00ednia perd les maletes?<\/li>\n<\/ul>\n\n\n\n<p>Qualsevol d\u2019aquestes situacions pot aigualir la il\u00b7lusi\u00f3 amb qu\u00e8 hem planificat les vacances i, a m\u00e9s, generar despeses inesperades.<\/p>\n\n\n\n<p>L\u2019asseguran\u00e7a de viatge no evita els problemes, per\u00f2 s\u00ed que <strong>et protegeix davant les conseq\u00fc\u00e8ncies econ\u00f2miques i organitzatives<\/strong>:<\/p>\n\n\n\n<ul class=\"wp-block-list\">\n<li>Et compensa les despeses d\u2019anul\u00b7laci\u00f3.<\/li>\n\n\n\n<li>Et cobreix les despeses m\u00e8diques i hospital\u00e0ries a l\u2019estranger.<\/li>\n\n\n\n<li>Et retorna diners o t\u2019indemnitza en cas de p\u00e8rdua o retard d\u2019equipatge.<\/li>\n\n\n\n<li>Inclou serveis addicionals, com l\u2019assist\u00e8ncia telef\u00f2nica 24 hores o la repatriaci\u00f3 en casos greus.<\/li>\n<\/ul>\n\n\n\n<h3 class=\"wp-block-heading\">Quant costa una asseguran\u00e7a de viatge?<\/h3>\n\n\n\n<p>Segons l\u2019Enquesta de Pressupostos Familiars, la despesa en assegurances de viatge representa aproximadament <strong>2 de cada 1.000 \u20ac<\/strong> destinats al conjunt de viatges i vacances. Dit d\u2019una altra manera: \u00e9s una asseguran\u00e7a de cost redu\u00eft en comparaci\u00f3 amb el preu global del viatge, per\u00f2 que pot estalviar centenars o milers d\u2019euros si es produeix un imprevist.<\/p>\n\n\n\n<p>En definitiva, \u00e9s una inversi\u00f3 petita que et dona <strong>tranquil\u00b7litat total<\/strong> perqu\u00e8 nom\u00e9s t\u2019hagis de preocupar del que realment importa: gaudir del viatge.<\/p>\n","protected":false},"excerpt":{"rendered":"<p>Quan preparem un viatge, ens fixem en tot: els bitllets d\u2019avi\u00f3, l\u2019allotjament, el transport i fins i tot les activitats. Per\u00f2 hi ha imprevistos que n<\/p>\n","protected":false},"author":1,"featured_media":0,"parent":40,"menu_order":5,"comment_status":"closed","ping_status":"closed","template":"","meta":{"om_disable_all_campaigns":false,"_monsterinsights_skip_tracking":false,"_monsterinsights_sitenote_active":false,"_monsterinsights_sitenote_note":"","_monsterinsights_sitenote_category":0,"_uf_show_specific_survey":0,"_uf_disable_surveys":false,"footnotes":""},"class_list":["post-2357","page","type-page","status-publish","hentry"],"aioseo_notices":[],"_links":{"self":[{"href":"https:\/\/www.mcasadellapol.cat\/index.php?rest_route=\/wp\/v2\/pages\/2357","targetHints":{"allow":["GET"]}}],"collection":[{"href":"https:\/\/www.mcasadellapol.cat\/index.php?rest_route=\/wp\/v2\/pages"}],"about":[{"href":"https:\/\/www.mcasadellapol.cat\/index.php?rest_route=\/wp\/v2\/types\/page"}],"author":[{"embeddable":true,"href":"https:\/\/www.mcasadellapol.cat\/index.php?rest_route=\/wp\/v2\/users\/1"}],"replies":[{"embeddable":true,"href":"https:\/\/www.mcasadellapol.cat\/index.php?rest_route=%2Fwp%2Fv2%2Fcomments&post=2357"}],"version-history":[{"count":4,"href":"https:\/\/www.mcasadellapol.cat\/index.php?rest_route=\/wp\/v2\/pages\/2357\/revisions"}],"predecessor-version":[{"id":3264,"href":"https:\/\/www.mcasadellapol.cat\/index.php?rest_route=\/wp\/v2\/pages\/2357\/revisions\/3264"}],"up":[{"embeddable":true,"href":"https:\/\/www.mcasadellapol.cat\/index.php?rest_route=\/wp\/v2\/pages\/40"}],"wp:attachment":[{"href":"https:\/\/www.mcasadellapol.cat\/index.php?rest_route=%2Fwp%2Fv2%2Fmedia&parent=2357"}],"curies":[{"name":"wp","href":"https:\/\/api.w.org\/{rel}","templated":true}]}}