{"id":3222,"date":"2025-08-21T12:23:58","date_gmt":"2025-08-21T11:23:58","guid":{"rendered":"https:\/\/www.mcasadellapol.cat\/?page_id=3222"},"modified":"2025-08-21T12:30:52","modified_gmt":"2025-08-21T11:30:52","slug":"avis-legal","status":"publish","type":"page","link":"https:\/\/www.mcasadellapol.cat\/?page_id=3222","title":{"rendered":"Av\u00eds legal"},"content":{"rendered":"\n<p>En compliment del que estableix la <strong>Llei 34\/2002, d\u201911 de juliol, de serveis de la societat de la informaci\u00f3 i de comer\u00e7 electr\u00f2nic (LSSI-CE)<\/strong>, s\u2019informa que aquest lloc web \u00e9s propietat de:<\/p>\n\n\n\n<ul class=\"wp-block-list\">\n<li><strong>Titular:<\/strong> Maria dels \u00c0ngels Casadell\u00e0 i Pol <\/li>\n\n\n\n<li><strong>NIF:<\/strong> 43692549R<\/li>\n\n\n\n<li><strong>Adre\u00e7a:<\/strong> C\/ Mallorca, 41, 08380 Malgrat de Mar (Barcelona)<\/li>\n\n\n\n<li><strong>Tel\u00e8fon:<\/strong> 931 29 80 49<\/li>\n\n\n\n<li><strong>Correu electr\u00f2nic:<\/strong> <a>info@mcasadellapol.cat<\/a><\/li>\n\n\n\n<li><strong>Autoritzaci\u00f3 administrativa:<\/strong> Corredora d\u2019assegurances inscrita en el Registre administratiu de la <strong>Direcci\u00f3 General d\u2019Assegurances i Fons de Pensions (DGSFP)<\/strong>, amb clau F226GC.<\/li>\n\n\n\n<li><strong>Supervisi\u00f3:<\/strong> Activitat subjecta al control de la Direcci\u00f3 General d\u2019Assegurances i Fons de Pensions.<\/li>\n<\/ul>\n\n\n\n<hr class=\"wp-block-separator has-alpha-channel-opacity\"\/>\n\n\n\n<h2 class=\"wp-block-heading\">1. Condicions d\u2019\u00fas<\/h2>\n\n\n\n<p>L\u2019acc\u00e9s i \u00fas d\u2019aquest lloc web atribueix la condici\u00f3 d\u2019usuari i implica l\u2019acceptaci\u00f3 plena de totes les condicions incloses en aquesta nota legal i en la resta de textos legals (pol\u00edtica de privadesa i pol\u00edtica de cookies).<\/p>\n\n\n\n<p>L\u2019usuari es compromet a fer un \u00fas adequat del web i a no utilitzar-lo per activitats il\u00b7l\u00edcites o contr\u00e0ries a la bona fe i l\u2019ordre p\u00fablic.<\/p>\n\n\n\n<hr class=\"wp-block-separator has-alpha-channel-opacity\"\/>\n\n\n\n<h2 class=\"wp-block-heading\">2. Propietat intel\u00b7lectual i industrial<\/h2>\n\n\n\n<p>Tots els continguts del lloc web (textos, imatges, dissenys, logotips, arxius, marques i signes distintius) s\u00f3n titularitat de Maria dels \u00c0ngels Casadell\u00e0 i Pol o de tercers que n\u2019han autoritzat l\u2019\u00fas.<\/p>\n\n\n\n<p>Queda prohibida la seva reproducci\u00f3, distribuci\u00f3, comunicaci\u00f3 p\u00fablica o transformaci\u00f3 sense autoritzaci\u00f3 pr\u00e8via i per escrit.<\/p>\n\n\n\n<hr class=\"wp-block-separator has-alpha-channel-opacity\"\/>\n\n\n\n<h2 class=\"wp-block-heading\">3. Exoneraci\u00f3 de responsabilitat<\/h2>\n\n\n\n<p>Maria dels \u00c0ngels Casadell\u00e0 i Pol no es fa responsable dels danys i perjudicis derivats de l\u2019\u00fas indegut del web ni dels enlla\u00e7os a continguts de tercers.<\/p>\n\n\n\n<p>Tot i que s\u2019intenta garantir la seguretat i funcionament del lloc, no es pot assegurar l\u2019abs\u00e8ncia absoluta de virus o altres elements nocius, i per tant, no es pot responsabilitzar dels danys que aix\u00f2 pugui ocasionar a l\u2019usuari.<\/p>\n\n\n\n<blockquote class=\"wp-block-quote is-layout-flow wp-block-quote-is-layout-flow\">\n<p>Alguns dels continguts publicats en aquest lloc web poden haver estat elaborats amb el suport d\u2019eines d\u2019intel\u00b7lig\u00e8ncia artificial. En qualsevol cas, tots els textos s\u00f3n revisats i validats per Maria dels \u00c0ngels Casadell\u00e0 i Pol abans de la seva publicaci\u00f3, garantint-ne l\u2019exactitud, la coher\u00e8ncia amb la nostra activitat i el respecte als drets dels usuaris.<\/p>\n<\/blockquote>\n\n\n\n<hr class=\"wp-block-separator has-alpha-channel-opacity\"\/>\n\n\n\n<h2 class=\"wp-block-heading\">4. Enlla\u00e7os externs<\/h2>\n\n\n\n<p>Aquest lloc web pot contenir enlla\u00e7os cap a p\u00e0gines de tercers. La titular no es fa responsable del contingut ni de la veracitat de la informaci\u00f3 d\u2019aquests llocs externs.<\/p>\n\n\n\n<hr class=\"wp-block-separator has-alpha-channel-opacity\"\/>\n\n\n\n<h2 class=\"wp-block-heading\">5. Legislaci\u00f3 aplicable i jurisdicci\u00f3<\/h2>\n\n\n\n<p>Aquesta nota legal es regeix \u00edntegrament per la legislaci\u00f3 espanyola. Per a qualsevol controv\u00e8rsia que pugui sorgir en relaci\u00f3 amb el lloc web, les parts se sotmeten als jutjats i tribunals de Barcelona, llevat que la normativa aplicable estableixi un altre fur.<\/p>\n","protected":false},"excerpt":{"rendered":"<p>En compliment del que estableix la Llei 34\/2002, d\u201911 de juliol, de serveis de la societat de la informaci\u00f3 i de comer\u00e7 electr\u00f2nic (LSSI-CE), s\u2019info<\/p>\n","protected":false},"author":1,"featured_media":0,"parent":0,"menu_order":0,"comment_status":"closed","ping_status":"closed","template":"","meta":{"om_disable_all_campaigns":false,"_monsterinsights_skip_tracking":false,"_monsterinsights_sitenote_active":false,"_monsterinsights_sitenote_note":"","_monsterinsights_sitenote_category":0,"_uf_show_specific_survey":0,"_uf_disable_surveys":false,"footnotes":""},"class_list":["post-3222","page","type-page","status-publish","hentry"],"aioseo_notices":[],"_links":{"self":[{"href":"https:\/\/www.mcasadellapol.cat\/index.php?rest_route=\/wp\/v2\/pages\/3222","targetHints":{"allow":["GET"]}}],"collection":[{"href":"https:\/\/www.mcasadellapol.cat\/index.php?rest_route=\/wp\/v2\/pages"}],"about":[{"href":"https:\/\/www.mcasadellapol.cat\/index.php?rest_route=\/wp\/v2\/types\/page"}],"author":[{"embeddable":true,"href":"https:\/\/www.mcasadellapol.cat\/index.php?rest_route=\/wp\/v2\/users\/1"}],"replies":[{"embeddable":true,"href":"https:\/\/www.mcasadellapol.cat\/index.php?rest_route=%2Fwp%2Fv2%2Fcomments&post=3222"}],"version-history":[{"count":4,"href":"https:\/\/www.mcasadellapol.cat\/index.php?rest_route=\/wp\/v2\/pages\/3222\/revisions"}],"predecessor-version":[{"id":3228,"href":"https:\/\/www.mcasadellapol.cat\/index.php?rest_route=\/wp\/v2\/pages\/3222\/revisions\/3228"}],"wp:attachment":[{"href":"https:\/\/www.mcasadellapol.cat\/index.php?rest_route=%2Fwp%2Fv2%2Fmedia&parent=3222"}],"curies":[{"name":"wp","href":"https:\/\/api.w.org\/{rel}","templated":true}]}}