{"id":3280,"date":"2025-09-12T13:27:50","date_gmt":"2025-09-12T12:27:50","guid":{"rendered":"https:\/\/www.mcasadellapol.cat\/?page_id=3280"},"modified":"2025-09-12T13:33:03","modified_gmt":"2025-09-12T12:33:03","slug":"mascotes","status":"publish","type":"page","link":"https:\/\/www.mcasadellapol.cat\/?page_id=3280","title":{"rendered":"Mascotes"},"content":{"rendered":"\n<p>Qui conviu amb una mascota sap que no \u00e9s nom\u00e9s un animal: \u00e9s part de la fam\u00edlia. Ens acompanyen en el dia a dia, ens donen afecte incondicional i formen part dels moments m\u00e9s importants de la nostra vida. Per aix\u00f2, protegir-los tamb\u00e9 \u00e9s una manera de protegir-nos a nosaltres mateixos.<\/p>\n\n\n\n<p>Des del setembre del 2023, la <strong>Llei 7\/2023 de protecci\u00f3 dels drets i el benestar dels animals<\/strong> obliga tots els propietaris de gossos a tenir una <strong>asseguran\u00e7a de responsabilitat civil<\/strong>. Aquesta asseguran\u00e7a cobreix els possibles danys que l\u2019animal pugui causar a tercers, ja siguin persones, altres animals o b\u00e9ns.<\/p>\n\n\n\n<p>Per\u00f2 m\u00e9s enll\u00e0 de l\u2019obligaci\u00f3 legal, hi ha assegurances que permeten cuidar de la teva mascota en tots els aspectes:<\/p>\n\n\n\n<ul class=\"wp-block-list\">\n<li><strong>Salut i benestar<\/strong>: cobrir les despeses veterin\u00e0ries (visites, vacunes, cirurgies o tractaments per malaltia o accident).<\/li>\n\n\n\n<li><strong>Comiat digne<\/strong>: assegurances que cobreixen les despeses d\u2019enterrament o incineraci\u00f3 quan arriba el moment m\u00e9s dur.<\/li>\n\n\n\n<li><strong>Protecci\u00f3 addicional<\/strong>: serveis d\u2019assist\u00e8ncia i localitzaci\u00f3 en cas de p\u00e8rdua o robatori.<\/li>\n<\/ul>\n\n\n\n<hr class=\"wp-block-separator has-alpha-channel-opacity\"\/>\n\n\n\n<p>\ud83d\udc49 Contractar una asseguran\u00e7a de mascotes no \u00e9s nom\u00e9s complir amb la llei: \u00e9s <strong>un acte d\u2019amor i responsabilitat<\/strong>. \u00c9s garantir que tindr\u00e0s suport en tot moment per cuidar de qui t\u2019ha donat sempre el millor d\u2019ell mateix.<\/p>\n","protected":false},"excerpt":{"rendered":"<p>Qui conviu amb una mascota sap que no \u00e9s nom\u00e9s un animal: \u00e9s part de la fam\u00edlia. Ens acompanyen en el dia a dia, ens donen afecte incondicional i forme<\/p>\n","protected":false},"author":1,"featured_media":0,"parent":40,"menu_order":8,"comment_status":"closed","ping_status":"closed","template":"fullwidth.php","meta":{"om_disable_all_campaigns":false,"_monsterinsights_skip_tracking":false,"_monsterinsights_sitenote_active":false,"_monsterinsights_sitenote_note":"","_monsterinsights_sitenote_category":0,"_uf_show_specific_survey":0,"_uf_disable_surveys":false,"footnotes":""},"class_list":["post-3280","page","type-page","status-publish","hentry"],"aioseo_notices":[],"_links":{"self":[{"href":"https:\/\/www.mcasadellapol.cat\/index.php?rest_route=\/wp\/v2\/pages\/3280","targetHints":{"allow":["GET"]}}],"collection":[{"href":"https:\/\/www.mcasadellapol.cat\/index.php?rest_route=\/wp\/v2\/pages"}],"about":[{"href":"https:\/\/www.mcasadellapol.cat\/index.php?rest_route=\/wp\/v2\/types\/page"}],"author":[{"embeddable":true,"href":"https:\/\/www.mcasadellapol.cat\/index.php?rest_route=\/wp\/v2\/users\/1"}],"replies":[{"embeddable":true,"href":"https:\/\/www.mcasadellapol.cat\/index.php?rest_route=%2Fwp%2Fv2%2Fcomments&post=3280"}],"version-history":[{"count":1,"href":"https:\/\/www.mcasadellapol.cat\/index.php?rest_route=\/wp\/v2\/pages\/3280\/revisions"}],"predecessor-version":[{"id":3281,"href":"https:\/\/www.mcasadellapol.cat\/index.php?rest_route=\/wp\/v2\/pages\/3280\/revisions\/3281"}],"up":[{"embeddable":true,"href":"https:\/\/www.mcasadellapol.cat\/index.php?rest_route=\/wp\/v2\/pages\/40"}],"wp:attachment":[{"href":"https:\/\/www.mcasadellapol.cat\/index.php?rest_route=%2Fwp%2Fv2%2Fmedia&parent=3280"}],"curies":[{"name":"wp","href":"https:\/\/api.w.org\/{rel}","templated":true}]}}