{"id":40,"date":"2014-10-23T16:30:05","date_gmt":"2014-10-23T14:30:05","guid":{"rendered":"http:\/\/www.mcasadellapol.cat\/?page_id=40"},"modified":"2025-09-12T11:31:23","modified_gmt":"2025-09-12T10:31:23","slug":"proteccio-familia","status":"publish","type":"page","link":"https:\/\/www.mcasadellapol.cat\/?page_id=40","title":{"rendered":"Protecci\u00f3 fam\u00edlia"},"content":{"rendered":"<p data-start=\"375\" data-end=\"618\">El patrimoni familiar inclou molts m\u00e9s aspectes del que sovint pensem. No nom\u00e9s parlem de la llar, els vehicles o les mascotes, sin\u00f3 tamb\u00e9 de la salut, els ingressos mensuals i fins i tot de moments tan importants com les vacances familiars.<\/p>\n<p data-start=\"620\" data-end=\"699\">Tots aquests elements poden estar protegits gr\u00e0cies a diferents assegurances:<\/p>\n<ul data-start=\"700\" data-end=\"1193\">\n<li data-start=\"700\" data-end=\"783\">\n<p data-start=\"702\" data-end=\"783\"><strong data-start=\"702\" data-end=\"710\">Llar<\/strong>: assegurances multirisc que cobreixen des d\u2019incendis fins a robatoris.<\/p>\n<\/li>\n<li data-start=\"784\" data-end=\"842\">\n<p data-start=\"786\" data-end=\"842\"><strong data-start=\"786\" data-end=\"798\">Vehicles<\/strong>: cotxes, motos, ciclomotors o bicicletes.<\/p>\n<\/li>\n<li data-start=\"843\" data-end=\"934\">\n<p data-start=\"845\" data-end=\"934\"><strong data-start=\"845\" data-end=\"857\">Mascotes<\/strong>: responsabilitat civil obligat\u00f2ria per a gossos o assist\u00e8ncia veterin\u00e0ria.<\/p>\n<\/li>\n<li data-start=\"935\" data-end=\"1065\">\n<p data-start=\"937\" data-end=\"1065\"><strong data-start=\"937\" data-end=\"957\">Salut i benestar<\/strong>: assegurances m\u00e8diques (completes, ambulat\u00f2ries o dentals), assegurances de vida o de baixa per malaltia.<\/p>\n<\/li>\n<li data-start=\"1066\" data-end=\"1193\">\n<p data-start=\"1068\" data-end=\"1193\"><strong data-start=\"1068\" data-end=\"1096\">Viure amb tranquil\u00b7litat<\/strong>: assegurances d\u2019accidents i d\u2019assist\u00e8ncia en viatge per estar cobert a qualsevol lloc del m\u00f3n.<\/p>\n<\/li>\n<\/ul>\n<p data-start=\"1195\" data-end=\"1403\">Cada fam\u00edlia \u00e9s diferent i t\u00e9 les seves pr\u00f2pies necessitats. Per aix\u00f2, despr\u00e9s d\u2019un estudi personalitzat, t\u2019ajudar\u00e9 a escollir les assegurances que millor s\u2019adaptin a la teva situaci\u00f3 i al teu moment vital.<\/p>\n<p data-start=\"1405\" data-end=\"1626\"><strong data-start=\"1405\" data-end=\"1429\">La meva recomanaci\u00f3:<\/strong> les necessitats asseguradores canvien amb el temps. Dedicar uns minuts a revisar-les regularment \u00e9s una bona manera de protegir-te i de prendre decisions a temps per cuidar all\u00f2 que m\u00e9s valores.<\/p>\n<p><span style=\"font-family: Arial, Helvetica, sans-serif; font-size: 12pt;\">.<\/span><\/p>\n","protected":false},"excerpt":{"rendered":"<p>El patrimoni familiar inclou molts m\u00e9s aspectes del que sovint pensem. No nom\u00e9s parlem de la llar, els vehicles o les mascotes, sin\u00f3 tamb\u00e9 de la salut,<\/p>\n","protected":false},"author":1,"featured_media":0,"parent":5,"menu_order":1,"comment_status":"closed","ping_status":"closed","template":"fullwidth.php","meta":{"om_disable_all_campaigns":false,"_monsterinsights_skip_tracking":false,"_monsterinsights_sitenote_active":false,"_monsterinsights_sitenote_note":"","_monsterinsights_sitenote_category":0,"_uf_show_specific_survey":0,"_uf_disable_surveys":false,"footnotes":""},"class_list":["post-40","page","type-page","status-publish","hentry"],"aioseo_notices":[],"_links":{"self":[{"href":"https:\/\/www.mcasadellapol.cat\/index.php?rest_route=\/wp\/v2\/pages\/40","targetHints":{"allow":["GET"]}}],"collection":[{"href":"https:\/\/www.mcasadellapol.cat\/index.php?rest_route=\/wp\/v2\/pages"}],"about":[{"href":"https:\/\/www.mcasadellapol.cat\/index.php?rest_route=\/wp\/v2\/types\/page"}],"author":[{"embeddable":true,"href":"https:\/\/www.mcasadellapol.cat\/index.php?rest_route=\/wp\/v2\/users\/1"}],"replies":[{"embeddable":true,"href":"https:\/\/www.mcasadellapol.cat\/index.php?rest_route=%2Fwp%2Fv2%2Fcomments&post=40"}],"version-history":[{"count":8,"href":"https:\/\/www.mcasadellapol.cat\/index.php?rest_route=\/wp\/v2\/pages\/40\/revisions"}],"predecessor-version":[{"id":3255,"href":"https:\/\/www.mcasadellapol.cat\/index.php?rest_route=\/wp\/v2\/pages\/40\/revisions\/3255"}],"up":[{"embeddable":true,"href":"https:\/\/www.mcasadellapol.cat\/index.php?rest_route=\/wp\/v2\/pages\/5"}],"wp:attachment":[{"href":"https:\/\/www.mcasadellapol.cat\/index.php?rest_route=%2Fwp%2Fv2%2Fmedia&parent=40"}],"curies":[{"name":"wp","href":"https:\/\/api.w.org\/{rel}","templated":true}]}}