{"id":416,"date":"2014-11-17T16:32:21","date_gmt":"2014-11-17T14:32:21","guid":{"rendered":"http:\/\/www.mcasadellapol.cat\/?page_id=416"},"modified":"2025-09-12T13:02:29","modified_gmt":"2025-09-12T12:02:29","slug":"immobles","status":"publish","type":"page","link":"https:\/\/www.mcasadellapol.cat\/?page_id=416","title":{"rendered":"Immobles"},"content":{"rendered":"<p data-start=\"352\" data-end=\"668\">Els immobles \u2014ja siguin habitatges, locals comercials, oficines o naus industrials\u2014 representen una part fonamental del patrimoni d\u2019una persona, d\u2019una fam\u00edlia o d\u2019una empresa. La seva protecci\u00f3 no nom\u00e9s ha de cobrir els <strong data-start=\"572\" data-end=\"591\">danys materials<\/strong>, sin\u00f3 tamb\u00e9 la <strong data-start=\"607\" data-end=\"632\">responsabilitat civil<\/strong> derivada de la seva tinen\u00e7a i \u00fas.<\/p>\n<h3 data-start=\"670\" data-end=\"715\">Qu\u00e8 cobreix una asseguran\u00e7a d\u2019immobles?<\/h3>\n<ul data-start=\"716\" data-end=\"1312\">\n<li data-start=\"716\" data-end=\"862\">\n<p data-start=\"718\" data-end=\"862\"><strong data-start=\"718\" data-end=\"737\">Danys materials<\/strong>: incendi, explosi\u00f3, danys per aigua, fen\u00f2mens atmosf\u00e8rics, robatori i desperfectes, trencament de vidres, danys el\u00e8ctrics.<\/p>\n<\/li>\n<li data-start=\"863\" data-end=\"969\">\n<p data-start=\"865\" data-end=\"969\"><strong data-start=\"865\" data-end=\"890\">Responsabilitat civil<\/strong>: danys causats a tercers (per exemple, una fuita d\u2019aigua que afecta un ve\u00ed).<\/p>\n<\/li>\n<li data-start=\"970\" data-end=\"1054\">\n<p data-start=\"972\" data-end=\"1054\"><strong data-start=\"972\" data-end=\"992\">Defensa jur\u00eddica<\/strong>: reclamacions i despeses legals relacionades amb l\u2019immoble.<\/p>\n<\/li>\n<li data-start=\"1055\" data-end=\"1139\">\n<p data-start=\"1057\" data-end=\"1139\"><strong data-start=\"1057\" data-end=\"1085\">Despeses complement\u00e0ries<\/strong>: desenrunament, desallotjament, p\u00e8rdua de lloguers.<\/p>\n<\/li>\n<li data-start=\"1140\" data-end=\"1312\">\n<p data-start=\"1142\" data-end=\"1312\"><strong data-start=\"1142\" data-end=\"1169\">Cobertures espec\u00edfiques<\/strong>: com asseguran\u00e7a de comunitat de propietaris, protecci\u00f3 d\u2019instal\u00b7lacions (piscines, jardins, ascensors), o lucre cessant en cas d\u2019inquilins.<\/p>\n<\/li>\n<\/ul>\n<h3 data-start=\"1314\" data-end=\"1344\">Segons l\u2019\u00fas de l\u2019immoble<\/h3>\n<ul data-start=\"1345\" data-end=\"1798\">\n<li data-start=\"1345\" data-end=\"1456\">\n<p data-start=\"1347\" data-end=\"1456\"><strong data-start=\"1347\" data-end=\"1404\">Habitatges de resid\u00e8ncia habitual o segona resid\u00e8ncia<\/strong>: asseguran\u00e7a multirisc amb continent i contingut.<\/p>\n<\/li>\n<li data-start=\"1457\" data-end=\"1651\">\n<p data-start=\"1459\" data-end=\"1651\"><strong data-start=\"1459\" data-end=\"1493\">Habitatges i locals de lloguer<\/strong>: a m\u00e9s de la protecci\u00f3 de l\u2019immoble, \u00e9s recomanable afegir cobertures de <strong data-start=\"1567\" data-end=\"1590\">protecci\u00f3 de rendes<\/strong> per garantir el cobrament del lloguer en cas d\u2019impagament.<\/p>\n<\/li>\n<li data-start=\"1652\" data-end=\"1798\">\n<p data-start=\"1654\" data-end=\"1798\"><strong data-start=\"1654\" data-end=\"1675\">Locals desocupats<\/strong>: tenen un risc diferent, ja que sovint les assegurances exigeixen cobertures espec\u00edfiques per protegir-los correctament.<\/p>\n<\/li>\n<\/ul>\n<h3 data-start=\"1800\" data-end=\"1846\">Per qu\u00e8 \u00e9s important una bona valoraci\u00f3?<\/h3>\n<p data-start=\"1847\" data-end=\"1924\">Un dels aspectes m\u00e9s rellevants \u00e9s establir b\u00e9 els <strong data-start=\"1898\" data-end=\"1921\">capitals assegurats<\/strong>:<\/p>\n<ul data-start=\"1925\" data-end=\"2329\">\n<li data-start=\"1925\" data-end=\"2047\">\n<p data-start=\"1927\" data-end=\"2047\"><strong data-start=\"1927\" data-end=\"1940\">Continent<\/strong>: valor de reconstrucci\u00f3 de l\u2019immoble, calculat segons metres quadrats, ubicaci\u00f3 i qualitat constructiva.<\/p>\n<\/li>\n<li data-start=\"2048\" data-end=\"2329\">\n<p data-start=\"2050\" data-end=\"2329\"><strong data-start=\"2050\" data-end=\"2063\">Contingut<\/strong>: tot all\u00f2 que hi ha dins (mobiliari, electrodom\u00e8stics, equipament t\u00e8cnic, etc.).<br data-start=\"2144\" data-end=\"2147\" \/>En molts casos, com a refer\u00e8ncia inicial, es recomana assegurar el contingut en un <strong data-start=\"2230\" data-end=\"2261\">30% del valor del continent<\/strong>, per\u00f2 cal revisar b\u00e9 cada element per evitar infrainfraseguran\u00e7a.<\/p>\n<\/li>\n<\/ul>\n<h3 data-start=\"2331\" data-end=\"2355\">Per a qui \u00e9s \u00fatil?<\/h3>\n<ul data-start=\"2356\" data-end=\"2566\">\n<li data-start=\"2356\" data-end=\"2397\">\n<p data-start=\"2358\" data-end=\"2397\">Propietaris particulars d\u2019habitatges.<\/p>\n<\/li>\n<li data-start=\"2398\" data-end=\"2446\">\n<p data-start=\"2400\" data-end=\"2446\">Inversors amb immobles destinats al lloguer.<\/p>\n<\/li>\n<li data-start=\"2447\" data-end=\"2500\">\n<p data-start=\"2449\" data-end=\"2500\">Empreses amb locals, oficines o naus industrials.<\/p>\n<\/li>\n<li data-start=\"2501\" data-end=\"2566\">\n<p data-start=\"2503\" data-end=\"2566\">Comunitats de propietaris que volen una asseguran\u00e7a integral.<\/p>\n<\/li>\n<\/ul>\n<hr data-start=\"2568\" data-end=\"2571\" \/>\n<p data-start=\"2573\" data-end=\"2746\">\ud83d\udc49 Una asseguran\u00e7a d\u2019immobles no \u00e9s nom\u00e9s una protecci\u00f3 davant sinistres, \u00e9s una manera de <strong data-start=\"2664\" data-end=\"2700\">preservar el valor del patrimoni<\/strong> i assegurar la rendibilitat d\u2019una inversi\u00f3.<\/p>\n","protected":false},"excerpt":{"rendered":"<p>Els immobles \u2014ja siguin habitatges, locals comercials, oficines o naus industrials\u2014 representen una part fonamental del patrimoni d\u2019una persona, d\u2019<\/p>\n","protected":false},"author":1,"featured_media":0,"parent":42,"menu_order":0,"comment_status":"closed","ping_status":"closed","template":"fullwidth.php","meta":{"om_disable_all_campaigns":false,"_monsterinsights_skip_tracking":false,"_monsterinsights_sitenote_active":false,"_monsterinsights_sitenote_note":"","_monsterinsights_sitenote_category":0,"_uf_show_specific_survey":0,"_uf_disable_surveys":false,"footnotes":""},"class_list":["post-416","page","type-page","status-publish","hentry"],"aioseo_notices":[],"_links":{"self":[{"href":"https:\/\/www.mcasadellapol.cat\/index.php?rest_route=\/wp\/v2\/pages\/416","targetHints":{"allow":["GET"]}}],"collection":[{"href":"https:\/\/www.mcasadellapol.cat\/index.php?rest_route=\/wp\/v2\/pages"}],"about":[{"href":"https:\/\/www.mcasadellapol.cat\/index.php?rest_route=\/wp\/v2\/types\/page"}],"author":[{"embeddable":true,"href":"https:\/\/www.mcasadellapol.cat\/index.php?rest_route=\/wp\/v2\/users\/1"}],"replies":[{"embeddable":true,"href":"https:\/\/www.mcasadellapol.cat\/index.php?rest_route=%2Fwp%2Fv2%2Fcomments&post=416"}],"version-history":[{"count":4,"href":"https:\/\/www.mcasadellapol.cat\/index.php?rest_route=\/wp\/v2\/pages\/416\/revisions"}],"predecessor-version":[{"id":3272,"href":"https:\/\/www.mcasadellapol.cat\/index.php?rest_route=\/wp\/v2\/pages\/416\/revisions\/3272"}],"up":[{"embeddable":true,"href":"https:\/\/www.mcasadellapol.cat\/index.php?rest_route=\/wp\/v2\/pages\/42"}],"wp:attachment":[{"href":"https:\/\/www.mcasadellapol.cat\/index.php?rest_route=%2Fwp%2Fv2%2Fmedia&parent=416"}],"curies":[{"name":"wp","href":"https:\/\/api.w.org\/{rel}","templated":true}]}}