{"id":42,"date":"2014-10-23T16:34:56","date_gmt":"2014-10-23T14:34:56","guid":{"rendered":"http:\/\/www.mcasadellapol.cat\/?page_id=42"},"modified":"2025-09-12T11:33:21","modified_gmt":"2025-09-12T10:33:21","slug":"proteccio-negoci","status":"publish","type":"page","link":"https:\/\/www.mcasadellapol.cat\/?page_id=42","title":{"rendered":"Protecci\u00f3 Negoci"},"content":{"rendered":"<p data-start=\"342\" data-end=\"712\">Protegir el teu negoci no \u00e9s nom\u00e9s contractar una asseguran\u00e7a multirisc per al comer\u00e7, la botiga o l\u2019empresa. Vol dir tamb\u00e9 <strong data-start=\"466\" data-end=\"492\">assegurar el patrimoni<\/strong> amb una bona asseguran\u00e7a de responsabilitat civil per a l\u2019activitat que exerceixes, o <strong data-start=\"579\" data-end=\"610\">protegir els teus ingressos<\/strong> amb una asseguran\u00e7a de subsidi que et permeti mantenir-los en cas de baixa per malaltia o accident.<\/p>\n<p data-start=\"714\" data-end=\"920\">Si el teu negoci \u00e9s el lloguer de locals o habitatges, pots assegurar-los amb una <strong data-start=\"796\" data-end=\"818\">p\u00f2lissa d\u2019immobles<\/strong>, o b\u00e9 garantir les rendes que reps dels llogaters amb una <strong data-start=\"877\" data-end=\"917\">asseguran\u00e7a de protecci\u00f3 del lloguer<\/strong>.<\/p>\n<p data-start=\"922\" data-end=\"1191\">I si tens empleats i vols refor\u00e7ar la responsabilitat social de la teva empresa, una bona manera de fer-ho \u00e9s contractant una <strong data-start=\"1048\" data-end=\"1084\">asseguran\u00e7a de salut col\u00b7lectiva<\/strong> per als teus col\u00b7laboradors. Aix\u00ed, no nom\u00e9s protegeixes el negoci, sin\u00f3 tamb\u00e9 el benestar del teu equip.<\/p>\n","protected":false},"excerpt":{"rendered":"<p>Protegir el teu negoci no \u00e9s nom\u00e9s contractar una asseguran\u00e7a multirisc per al comer\u00e7, la botiga o l\u2019empresa. Vol dir tamb\u00e9 assegurar el patrimoni a<\/p>\n","protected":false},"author":1,"featured_media":0,"parent":5,"menu_order":2,"comment_status":"closed","ping_status":"closed","template":"fullwidth.php","meta":{"om_disable_all_campaigns":false,"_monsterinsights_skip_tracking":false,"_monsterinsights_sitenote_active":false,"_monsterinsights_sitenote_note":"","_monsterinsights_sitenote_category":0,"_uf_show_specific_survey":0,"_uf_disable_surveys":false,"footnotes":""},"class_list":["post-42","page","type-page","status-publish","hentry"],"aioseo_notices":[],"_links":{"self":[{"href":"https:\/\/www.mcasadellapol.cat\/index.php?rest_route=\/wp\/v2\/pages\/42","targetHints":{"allow":["GET"]}}],"collection":[{"href":"https:\/\/www.mcasadellapol.cat\/index.php?rest_route=\/wp\/v2\/pages"}],"about":[{"href":"https:\/\/www.mcasadellapol.cat\/index.php?rest_route=\/wp\/v2\/types\/page"}],"author":[{"embeddable":true,"href":"https:\/\/www.mcasadellapol.cat\/index.php?rest_route=\/wp\/v2\/users\/1"}],"replies":[{"embeddable":true,"href":"https:\/\/www.mcasadellapol.cat\/index.php?rest_route=%2Fwp%2Fv2%2Fcomments&post=42"}],"version-history":[{"count":12,"href":"https:\/\/www.mcasadellapol.cat\/index.php?rest_route=\/wp\/v2\/pages\/42\/revisions"}],"predecessor-version":[{"id":3256,"href":"https:\/\/www.mcasadellapol.cat\/index.php?rest_route=\/wp\/v2\/pages\/42\/revisions\/3256"}],"up":[{"embeddable":true,"href":"https:\/\/www.mcasadellapol.cat\/index.php?rest_route=\/wp\/v2\/pages\/5"}],"wp:attachment":[{"href":"https:\/\/www.mcasadellapol.cat\/index.php?rest_route=%2Fwp%2Fv2%2Fmedia&parent=42"}],"curies":[{"name":"wp","href":"https:\/\/api.w.org\/{rel}","templated":true}]}}