{"id":76,"date":"2014-10-25T15:40:17","date_gmt":"2014-10-25T13:40:17","guid":{"rendered":"http:\/\/www.mcasadellapol.cat\/?page_id=76"},"modified":"2025-09-12T12:38:20","modified_gmt":"2025-09-12T11:38:20","slug":"vida","status":"publish","type":"page","link":"https:\/\/www.mcasadellapol.cat\/?page_id=76","title":{"rendered":"Vida"},"content":{"rendered":"<p data-start=\"450\" data-end=\"695\">L\u2019asseguran\u00e7a de vida \u00e9s, probablement, el producte m\u00e9s important per <strong data-start=\"520\" data-end=\"574\">garantir la tranquil\u00b7litat econ\u00f2mica de la fam\u00edlia<\/strong>. Sovint no hi pensem, per\u00f2 \u00e9s la millor manera d\u2019assegurar que, passi el que passi, els teus no quedaran desprotegits.<\/p>\n<p data-start=\"697\" data-end=\"742\">Aqu\u00ed tens 5 raons clares per contractar-la:<\/p>\n<ol data-start=\"744\" data-end=\"2711\">\n<li data-start=\"744\" data-end=\"998\">\n<p data-start=\"747\" data-end=\"998\"><strong data-start=\"747\" data-end=\"770\">Protegir la fam\u00edlia<\/strong><br data-start=\"770\" data-end=\"773\" \/>Si els ingressos familiars depenen d\u2019una sola persona, \u00e9s imprescindible assegurar-los. En cas de defunci\u00f3 o invalidesa absoluta i permanent, una asseguran\u00e7a de vida garanteix la continu\u00eftat econ\u00f2mica i el futur dels fills.<\/p>\n<\/li>\n<li data-start=\"1000\" data-end=\"1765\">\n<p data-start=\"1003\" data-end=\"1765\"><strong data-start=\"1003\" data-end=\"1031\">Aut\u00f2noms i professionals<\/strong><br data-start=\"1031\" data-end=\"1034\" \/>Si ets aut\u00f2nom, saps que els teus ingressos depenen exclusivament de tu. Una invalidesa pot suposar una aut\u00e8ntica \u201cmort econ\u00f2mica\u201d. Per aix\u00f2 \u00e9s fonamental revisar b\u00e9 les garanties que tens contractades: en molts casos \u00e9s m\u00e9s aconsellable tenir cobertura per <strong data-start=\"1292\" data-end=\"1313\">incapacitat total<\/strong> (quan no pots exercir la teva professi\u00f3 habitual, per\u00f2 podries treballar en d\u2019altres) que no pas limitar-te a la cobertura d\u2019<strong data-start=\"1439\" data-end=\"1473\">incapacitat absoluta permanent<\/strong> (quan no pots exercir cap feina).<br data-start=\"1507\" data-end=\"1510\" \/>El problema \u00e9s que la m\u00e9s habitual al mercat i la m\u00e9s venuda \u00e9s l\u2019absoluta, la qual deixa descobertes moltes situacions reals que poden afectar greument els ingressos d\u2019un aut\u00f2nom o professional. Un bon assessorament \u00e9s clau per evitar aquesta situaci\u00f3.<\/p>\n<\/li>\n<li data-start=\"1767\" data-end=\"2023\">\n<p data-start=\"1770\" data-end=\"2023\"><strong data-start=\"1770\" data-end=\"1802\">Cobertura en malalties greus<\/strong><br data-start=\"1802\" data-end=\"1805\" \/>Moltes assegurances de vida inclouen avui dia prestacions addicionals: indemnitzacions en cas de diagn\u00f2stic de c\u00e0ncer, cardiopaties greus o malalties degeneratives. Una ajuda vital en moments especialment complicats.<\/p>\n<\/li>\n<li data-start=\"2025\" data-end=\"2445\">\n<p data-start=\"2028\" data-end=\"2445\"><strong data-start=\"2028\" data-end=\"2051\">Hipoteca i pr\u00e9stecs<\/strong><br data-start=\"2051\" data-end=\"2054\" \/>Si tens una hipoteca, l\u2019asseguran\u00e7a de vida \u00e9s gaireb\u00e9 imprescindible. Nom\u00e9s l\u2019any 2013 es van liquidar m\u00e9s de 2.400 hipoteques gr\u00e0cies a assegurances de vida.<br data-start=\"2213\" data-end=\"2216\" \/>Molts bancs \u201cobliguen\u201d a contractar la seva asseguran\u00e7a vinculada al pr\u00e9stec, per\u00f2 cal que s\u00e0pigues que <strong data-start=\"2320\" data-end=\"2346\">no hi est\u00e0s obligat\/da<\/strong>. Pots triar lliurement, i al mercat hi ha opcions molt m\u00e9s econ\u00f2miques i amb millors cobertures.<\/p>\n<\/li>\n<li data-start=\"2447\" data-end=\"2711\">\n<p data-start=\"2450\" data-end=\"2711\"><strong data-start=\"2450\" data-end=\"2476\">Un producte assequible<\/strong><br data-start=\"2476\" data-end=\"2479\" \/>Les assegurances de vida no s\u00f3n cares. Hi ha opcions adaptables a qualsevol pressupost. A m\u00e9s, com m\u00e9s jove siguis en el moment de contractar-la, m\u00e9s baixa ser\u00e0 la prima, ja que l\u2019edat \u00e9s el principal factor en el c\u00e0lcul del preu.<\/p>\n<\/li>\n<\/ol>\n<hr data-start=\"2713\" data-end=\"2716\" \/>\n<h3 data-start=\"2718\" data-end=\"2757\">Per qu\u00e8 cal un bon assessorament?<\/h3>\n<p data-start=\"2759\" data-end=\"3195\">Perqu\u00e8 la difer\u00e8ncia entre <strong data-start=\"2786\" data-end=\"2820\">incapacitat absoluta permanent<\/strong> i <strong data-start=\"2823\" data-end=\"2844\">incapacitat total<\/strong> pot determinar si realment tindr\u00e0s dret a una indemnitzaci\u00f3 quan la necessitis. Massa sovint es contracten cobertures que no s\u2019ajusten a la realitat de la persona assegurada.<br data-start=\"3019\" data-end=\"3022\" \/>Un assessorament professional t\u2019ajudar\u00e0 a triar la garantia adequada per al teu cas, i aix\u00ed assegurar que la p\u00f2lissa sigui <strong data-start=\"3145\" data-end=\"3164\">\u00fatil i efectiva<\/strong> quan realment la necessitis.<\/p>\n<hr data-start=\"3197\" data-end=\"3200\" \/>\n<p data-start=\"3202\" data-end=\"3392\">\ud83d\udc49 Una asseguran\u00e7a de vida no \u00e9s nom\u00e9s una despesa, \u00e9s una <strong data-start=\"3261\" data-end=\"3303\">inversi\u00f3 en seguretat i tranquil\u00b7litat<\/strong>. I el millor cam\u00ed per contractar-la \u00e9s fer-ho amb un assessorament expert i imparcial.<\/p>\n","protected":false},"excerpt":{"rendered":"<p>L\u2019asseguran\u00e7a de vida \u00e9s, probablement, el producte m\u00e9s important per garantir la tranquil\u00b7litat econ\u00f2mica de la fam\u00edlia. Sovint no hi pensem, per?<\/p>\n","protected":false},"author":1,"featured_media":0,"parent":40,"menu_order":0,"comment_status":"closed","ping_status":"closed","template":"fullwidth.php","meta":{"om_disable_all_campaigns":false,"_monsterinsights_skip_tracking":false,"_monsterinsights_sitenote_active":false,"_monsterinsights_sitenote_note":"","_monsterinsights_sitenote_category":0,"_uf_show_specific_survey":0,"_uf_disable_surveys":false,"footnotes":""},"class_list":["post-76","page","type-page","status-publish","hentry"],"aioseo_notices":[],"_links":{"self":[{"href":"https:\/\/www.mcasadellapol.cat\/index.php?rest_route=\/wp\/v2\/pages\/76","targetHints":{"allow":["GET"]}}],"collection":[{"href":"https:\/\/www.mcasadellapol.cat\/index.php?rest_route=\/wp\/v2\/pages"}],"about":[{"href":"https:\/\/www.mcasadellapol.cat\/index.php?rest_route=\/wp\/v2\/types\/page"}],"author":[{"embeddable":true,"href":"https:\/\/www.mcasadellapol.cat\/index.php?rest_route=\/wp\/v2\/users\/1"}],"replies":[{"embeddable":true,"href":"https:\/\/www.mcasadellapol.cat\/index.php?rest_route=%2Fwp%2Fv2%2Fcomments&post=76"}],"version-history":[{"count":10,"href":"https:\/\/www.mcasadellapol.cat\/index.php?rest_route=\/wp\/v2\/pages\/76\/revisions"}],"predecessor-version":[{"id":3262,"href":"https:\/\/www.mcasadellapol.cat\/index.php?rest_route=\/wp\/v2\/pages\/76\/revisions\/3262"}],"up":[{"embeddable":true,"href":"https:\/\/www.mcasadellapol.cat\/index.php?rest_route=\/wp\/v2\/pages\/40"}],"wp:attachment":[{"href":"https:\/\/www.mcasadellapol.cat\/index.php?rest_route=%2Fwp%2Fv2%2Fmedia&parent=76"}],"curies":[{"name":"wp","href":"https:\/\/api.w.org\/{rel}","templated":true}]}}