{"id":78,"date":"2014-10-25T15:40:25","date_gmt":"2014-10-25T13:40:25","guid":{"rendered":"http:\/\/www.mcasadellapol.cat\/?page_id=78"},"modified":"2025-09-12T12:32:32","modified_gmt":"2025-09-12T11:32:32","slug":"salut","status":"publish","type":"page","link":"https:\/\/www.mcasadellapol.cat\/?page_id=78","title":{"rendered":"Salut"},"content":{"rendered":"<p data-start=\"340\" data-end=\"605\">La salut \u00e9s, sens dubte, el b\u00e9 m\u00e9s valu\u00f3s que tenim. Per aix\u00f2 \u00e9s tan important comptar amb una asseguran\u00e7a que ens doni la tranquil\u00b7litat de saber que, si la necessitem, tindrem acc\u00e9s a professionals i serveis m\u00e8dics de qualitat, de manera \u00e0gil i sense sorpreses.<\/p>\n<p data-start=\"607\" data-end=\"701\">Avui en dia hi ha una gran varietat de productes de salut adaptats a cada persona i fam\u00edlia:<\/p>\n<ul data-start=\"703\" data-end=\"1368\">\n<li data-start=\"703\" data-end=\"846\">\n<p data-start=\"705\" data-end=\"846\"><strong data-start=\"705\" data-end=\"740\">Assegurances m\u00e8diques completes<\/strong>: cobreixen visites a especialistes, proves diagn\u00f2stiques, hospitalitzaci\u00f3 i intervencions quir\u00fargiques.<\/p>\n<\/li>\n<li data-start=\"847\" data-end=\"994\">\n<p data-start=\"849\" data-end=\"994\"><strong data-start=\"849\" data-end=\"887\">P\u00f2lisses d\u2019assist\u00e8ncia ambulat\u00f2ria<\/strong>: per a qui busca sobretot atenci\u00f3 prim\u00e0ria i visites a especialistes sense necessitat d\u2019hospitalitzaci\u00f3.<\/p>\n<\/li>\n<li data-start=\"995\" data-end=\"1098\">\n<p data-start=\"997\" data-end=\"1098\"><strong data-start=\"997\" data-end=\"1021\">Assegurances dentals<\/strong>: amb cobertura de tractaments b\u00e0sics i descomptes en serveis m\u00e9s avan\u00e7ats.<\/p>\n<\/li>\n<li data-start=\"1099\" data-end=\"1222\">\n<p data-start=\"1101\" data-end=\"1222\"><strong data-start=\"1101\" data-end=\"1130\">P\u00f2lisses de reemborsament<\/strong>: permeten triar lliurement metge o centre, i recuperar part o tot l\u2019import de la factura.<\/p>\n<\/li>\n<li data-start=\"1223\" data-end=\"1368\">\n<p data-start=\"1225\" data-end=\"1368\"><strong data-start=\"1225\" data-end=\"1262\">Programes de prevenci\u00f3 i benestar<\/strong>: moltes assegurances incorporen serveis de medicina preventiva, assessorament nutricional o psicologia.<\/p>\n<\/li>\n<\/ul>\n<p data-start=\"1370\" data-end=\"1579\">El preu varia segons el nivell de cobertura i serveis inclosos, per\u00f2 en salut el m\u00e9s important no \u00e9s triar \u201cla m\u00e9s barata\u201d, sin\u00f3 la que <strong data-start=\"1506\" data-end=\"1576\">realment s\u2019adapti a les teves necessitats i les de la teva fam\u00edlia<\/strong>.<\/p>\n<p data-start=\"1581\" data-end=\"1628\">Treballo amb assegurances que et garanteixen:<\/p>\n<ul data-start=\"1629\" data-end=\"1848\">\n<li data-start=\"1629\" data-end=\"1668\">\n<p data-start=\"1631\" data-end=\"1668\">Cobertura m\u00e8dica \u00e0mplia i completa.<\/p>\n<\/li>\n<li data-start=\"1669\" data-end=\"1737\">\n<p data-start=\"1671\" data-end=\"1737\">Quadres m\u00e8dics de qualitat, amb centres i especialistes propers.<\/p>\n<\/li>\n<li data-start=\"1738\" data-end=\"1786\">\n<p data-start=\"1740\" data-end=\"1786\">Serveis addicionals de prevenci\u00f3 i benestar.<\/p>\n<\/li>\n<li data-start=\"1787\" data-end=\"1848\">\n<p data-start=\"1789\" data-end=\"1848\">Atenci\u00f3 r\u00e0pida i accessible, tant presencial com digital.<\/p>\n<\/li>\n<\/ul>\n<p data-start=\"1850\" data-end=\"2059\">Per aix\u00f2, abans de contractar, t\u2019ajudar\u00e9 a analitzar quins serveis necessites i quin producte \u00e9s m\u00e9s adequat per al teu cas. L\u2019objectiu \u00e9s clar: que tu i els teus tingueu sempre la salut en les millors mans.<\/p>\n","protected":false},"excerpt":{"rendered":"<p>La salut \u00e9s, sens dubte, el b\u00e9 m\u00e9s valu\u00f3s que tenim. Per aix\u00f2 \u00e9s tan important comptar amb una asseguran\u00e7a que ens doni la tranquil\u00b7litat de saber <\/p>\n","protected":false},"author":1,"featured_media":0,"parent":40,"menu_order":0,"comment_status":"closed","ping_status":"closed","template":"fullwidth.php","meta":{"om_disable_all_campaigns":false,"_monsterinsights_skip_tracking":false,"_monsterinsights_sitenote_active":false,"_monsterinsights_sitenote_note":"","_monsterinsights_sitenote_category":0,"_uf_show_specific_survey":0,"_uf_disable_surveys":false,"footnotes":""},"class_list":["post-78","page","type-page","status-publish","hentry"],"aioseo_notices":[],"_links":{"self":[{"href":"https:\/\/www.mcasadellapol.cat\/index.php?rest_route=\/wp\/v2\/pages\/78","targetHints":{"allow":["GET"]}}],"collection":[{"href":"https:\/\/www.mcasadellapol.cat\/index.php?rest_route=\/wp\/v2\/pages"}],"about":[{"href":"https:\/\/www.mcasadellapol.cat\/index.php?rest_route=\/wp\/v2\/types\/page"}],"author":[{"embeddable":true,"href":"https:\/\/www.mcasadellapol.cat\/index.php?rest_route=\/wp\/v2\/users\/1"}],"replies":[{"embeddable":true,"href":"https:\/\/www.mcasadellapol.cat\/index.php?rest_route=%2Fwp%2Fv2%2Fcomments&post=78"}],"version-history":[{"count":13,"href":"https:\/\/www.mcasadellapol.cat\/index.php?rest_route=\/wp\/v2\/pages\/78\/revisions"}],"predecessor-version":[{"id":3261,"href":"https:\/\/www.mcasadellapol.cat\/index.php?rest_route=\/wp\/v2\/pages\/78\/revisions\/3261"}],"up":[{"embeddable":true,"href":"https:\/\/www.mcasadellapol.cat\/index.php?rest_route=\/wp\/v2\/pages\/40"}],"wp:attachment":[{"href":"https:\/\/www.mcasadellapol.cat\/index.php?rest_route=%2Fwp%2Fv2%2Fmedia&parent=78"}],"curies":[{"name":"wp","href":"https:\/\/api.w.org\/{rel}","templated":true}]}}