{"id":9,"date":"2015-09-22T15:00:03","date_gmt":"2015-09-22T13:00:03","guid":{"rendered":"http:\/\/www.mcasadellapol.cat\/?page_id=9"},"modified":"2025-05-14T11:57:05","modified_gmt":"2025-05-14T10:57:05","slug":"qui-soc","status":"publish","type":"page","link":"https:\/\/www.mcasadellapol.cat\/?page_id=9","title":{"rendered":"Qui s\u00f3c?"},"content":{"rendered":"<p class=\"\" data-start=\"158\" data-end=\"383\">Em dic Mari\u00e0ngels Casadell\u00e0 i Pol i s\u00f3c llicenciada en Ci\u00e8ncies Econ\u00f2miques i Empresarials per la Universitat Pompeu Fabra (promoci\u00f3 del 1994), i Mediadora d\u2019Assegurances titulada per la Generalitat de Catalunya des del 1999.<\/p>\n<p class=\"\" data-start=\"385\" data-end=\"793\">Despr\u00e9s de comen\u00e7ar la meva traject\u00f2ria professional a Caixa Laietana l\u2019any 1997, vaig tenir l\u2019oportunitat de cr\u00e9ixer dins del m\u00f3n assegurador fins arribar a ser Directora T\u00e8cnica de Laietana Mediaci\u00f3n, c\u00e0rrec que vaig ocupar durant diversos anys. Posteriorment, al 2013, vaig continuar la meva etapa professional a Bankia Mediaci\u00f3n, com a responsable de cotitzacions d\u2019assegurances per a particulars a tot Catalunya.<\/p>\n<p class=\"\" data-start=\"795\" data-end=\"922\">L\u2019any 2014 vaig decidir fer realitat un projecte propi i obrir el meu despatx a Malgrat de Mar, el poble que m\u2019ha vist cr\u00e9ixer.<\/p>\n<p class=\"\" data-start=\"924\" data-end=\"1157\">Ara ja fa 10 anys que camino al vostre costat. Ha estat possible gr\u00e0cies a totes les persones i empreses que heu confiat en mi des del primer dia. El vostre suport i confian\u00e7a han fet cr\u00e9ixer aquest projecte amb solidesa i il\u00b7lusi\u00f3.<\/p>\n<p class=\"\" data-start=\"1159\" data-end=\"1319\">Cada dia treballo per oferir-vos un servei proper, transparent i professional, escoltant les vostres necessitats i ajudant-vos a assegurar all\u00f2 que m\u00e9s valoreu.<\/p>\n","protected":false},"excerpt":{"rendered":"<p>Em dic Mari\u00e0ngels Casadell\u00e0 i Pol i s\u00f3c llicenciada en Ci\u00e8ncies Econ\u00f2miques i Empresarials per la Universitat Pompeu Fabra (promoci\u00f3 del 1994), i Med<\/p>\n","protected":false},"author":1,"featured_media":0,"parent":0,"menu_order":0,"comment_status":"closed","ping_status":"closed","template":"about.php","meta":{"om_disable_all_campaigns":false,"_monsterinsights_skip_tracking":false,"_monsterinsights_sitenote_active":false,"_monsterinsights_sitenote_note":"","_monsterinsights_sitenote_category":0,"_uf_show_specific_survey":0,"_uf_disable_surveys":false,"footnotes":""},"class_list":["post-9","page","type-page","status-publish","hentry"],"aioseo_notices":[],"_links":{"self":[{"href":"https:\/\/www.mcasadellapol.cat\/index.php?rest_route=\/wp\/v2\/pages\/9","targetHints":{"allow":["GET"]}}],"collection":[{"href":"https:\/\/www.mcasadellapol.cat\/index.php?rest_route=\/wp\/v2\/pages"}],"about":[{"href":"https:\/\/www.mcasadellapol.cat\/index.php?rest_route=\/wp\/v2\/types\/page"}],"author":[{"embeddable":true,"href":"https:\/\/www.mcasadellapol.cat\/index.php?rest_route=\/wp\/v2\/users\/1"}],"replies":[{"embeddable":true,"href":"https:\/\/www.mcasadellapol.cat\/index.php?rest_route=%2Fwp%2Fv2%2Fcomments&post=9"}],"version-history":[{"count":64,"href":"https:\/\/www.mcasadellapol.cat\/index.php?rest_route=\/wp\/v2\/pages\/9\/revisions"}],"predecessor-version":[{"id":3206,"href":"https:\/\/www.mcasadellapol.cat\/index.php?rest_route=\/wp\/v2\/pages\/9\/revisions\/3206"}],"wp:attachment":[{"href":"https:\/\/www.mcasadellapol.cat\/index.php?rest_route=%2Fwp%2Fv2%2Fmedia&parent=9"}],"curies":[{"name":"wp","href":"https:\/\/api.w.org\/{rel}","templated":true}]}}